{"id":246,"date":"2021-05-31T17:27:38","date_gmt":"2021-05-31T15:27:38","guid":{"rendered":"https:\/\/globeliveshopping.com\/?page_id=246"},"modified":"2021-05-31T17:27:40","modified_gmt":"2021-05-31T15:27:40","slug":"246-2","status":"publish","type":"page","link":"https:\/\/globeliveshopping.com\/de\/246-2\/","title":{"rendered":""},"content":{"rendered":"\n<p>&nbsp;Datenschutzrichtlinie<\/p>\n\n\n\n<p>Diese Datenschutzrichtlinie legt die Bedingungen fest, unter denen Hawker (\u201eGlobe Groupe\u201c) personenbezogene Daten der Nutzer der Website globeliveshopping.com verarbeitet.<\/p>\n\n\n\n<p>1.&nbsp;&nbsp;&nbsp;&nbsp;&nbsp;&nbsp;&nbsp;&nbsp; Wer sammelt und verarbeitet Benutzerdaten?<\/p>\n\n\n\n<p>Der Verantwortliche f\u00fcr die Verarbeitung ist die Firma HAWKER, mit einem Kapital von 24.527.288\u20ac, deren Sitz sich in 38 rue Boissi\u00e8re&nbsp; F-75016 PARIS, Frankreich befindet, eingetragen im HR von Paris unter der Nummer 831 813 977.<\/p>\n\n\n\n<p>2.&nbsp;&nbsp;&nbsp;&nbsp;&nbsp;&nbsp;&nbsp;&nbsp; Warum sammelt HAWKER diese Daten?<\/p>\n\n\n\n<p>HAWKER erhebt und nutzt die personenbezogenen Daten des Nutzers f\u00fcr folgende Zwecke:<\/p>\n\n\n\n<p>&#8211; zur Erstellung von Statistiken auf der Grundlage des berechtigten Gesch\u00e4ftsinteresses von HAWKER;<\/p>\n\n\n\n<p>&#8211; Verwaltung von kommerziellen Informationsanfragen, die \u00fcber das Kontaktformular an HAWKER gerichtet werden, wenn der Nutzer durch Ausf\u00fcllen des Kontaktformulars seine Zustimmung erteilt hat;<\/p>\n\n\n\n<p>&#8211; die Erbringung von Dienstleistungen, die von den Unternehmen der HAWKER-Gruppe vermarktet werden, auf der Grundlage des berechtigten gesch\u00e4ftlichen Interesses von HAWKER und in Erf\u00fcllung des geschlossenen Vertrages.<\/p>\n\n\n\n<p>HAWKER darf die vom Nutzer \u00fcber das Kontaktformular \u00fcbermittelten Informationen aufgrund seines berechtigten Interesses auch f\u00fcr gewerbliche Zwecke nutzen, wenn der Nutzer ein Gewerbetreibender ist und der Gegenstand der gewerblichen Nutzung mit seinem Beruf in Zusammenhang steht.<\/p>\n\n\n\n<p>3.&nbsp;&nbsp;&nbsp;&nbsp;&nbsp;&nbsp;&nbsp;&nbsp; Welche Kategorien von Daten \u00fcber Nutzer werden von HAWKER gesammelt?<\/p>\n\n\n\n<p>F\u00fcr jede an HAWKER gerichtete Anfrage nach kommerziellen Informationen erhebt das Unternehmen die folgenden Daten:<\/p>\n\n\n\n<p>&#8211; Name<\/p>\n\n\n\n<p>&#8211; Vornamen<\/p>\n\n\n\n<p>&#8211; E-Mail Adresse<\/p>\n\n\n\n<p>&#8211; Datum der Nachricht, Art und Inhalt der an HAWKER gesendeten Nachricht<\/p>\n\n\n\n<p>F\u00fcr die gewerbliche Prospektion, die f\u00fcr die Fachleute bestimmt ist, sammelt HAWKER die folgenden Daten:<\/p>\n\n\n\n<p>&#8211; Nachname<\/p>\n\n\n\n<p>&#8211; Vornamen<\/p>\n\n\n\n<p>&#8211; E-Mail Adresse<\/p>\n\n\n\n<p>&#8211; Datum der Nachricht, Art und Inhalt der an HAWKER gerichteten Nachricht<\/p>\n\n\n\n<p>Wenn wir Daten erheben, kennzeichnen wir diejenigen mit einem Sternchen, die f\u00fcr die Bearbeitung Ihrer Anfrage unerl\u00e4sslich sind. Wenn Sie die mit einem Sternchen gekennzeichneten Felder nicht ausf\u00fcllen, k\u00f6nnen wir Ihre Anfrage nicht beantworten.<\/p>\n\n\n\n<p>4.&nbsp;&nbsp;&nbsp;&nbsp;&nbsp;&nbsp;&nbsp;&nbsp; Wer hat Zugriff auf diese Daten?<\/p>\n\n\n\n<p>Personenbezogene Daten werden von den folgenden Abteilungen von HAWKER verarbeitet:<\/p>\n\n\n\n<p>&#8211; Marketing<\/p>\n\n\n\n<p>&#8211; Gesch\u00e4ftsentwicklung<\/p>\n\n\n\n<p>&#8211; IT<\/p>\n\n\n\n<p>Die personenbezogenen Daten k\u00f6nnen mit Ihrer Einwilligung zum Zwecke der Gesch\u00e4ftsanbahnung durch diese Unternehmen und auf der Grundlage der Vertragsabwicklung und unseres berechtigten Interesses zur Erbringung der von den genannten Unternehmen vermarkteten Leistungen an die unten aufgef\u00fchrten Unternehmen der HAWKER-Gruppe \u00fcbermittelt werden:<\/p>\n\n\n\n<p>&#8211; Die Firma GLOBE Shopper Activation GmbH;<\/p>\n\n\n\n<p>&#8211; Die Firma GLOBE EFFECTIVE SHOPPER (GLOBE Diffusion SAS, GLOBE Instore SAS);<\/p>\n\n\n\n<p>&#8211; Die Firma GLOBE TRAVEL RETAIL (Partema SARL);<\/p>\n\n\n\n<p>&#8211; Die Firma TECHSELL (Marquenterre SAS);<\/p>\n\n\n\n<p>&#8211; Die Firma BARON Trademarketing Sales GmbH;<\/p>\n\n\n\n<p>Die Verarbeitung der Daten erfolgt \u00fcber die IT-Tools externer Dienstleister:<\/p>\n\n\n\n<p>&#8211; F\u00fcr die Verwaltung von kommerziellen Informationsanfragen: OVH, Microsoft.<\/p>\n\n\n\n<p>1.&nbsp;&nbsp;&nbsp;&nbsp;&nbsp;&nbsp;&nbsp;&nbsp; Wie lange werden diese Daten von HAWKER aufbewahrt?<\/p>\n\n\n\n<p>Im Hinblick auf Anfragen nach kommerziellen Informationen und kommerzieller Prospektion werden die pers\u00f6nlichen Daten des Nutzers f\u00fcr einen Zeitraum von drei (3) Jahren nach dem letzten Kontakt mit HAWKER aufbewahrt.<\/p>\n\n\n\n<p>Nach Ablauf der Speicherfristen werden die personenbezogenen Daten gel\u00f6scht. Dennoch k\u00f6nnen die Daten \u00fcber die genannten Fristen hinaus gem\u00e4\u00df den geltenden Verj\u00e4hrungsfristen archiviert werden.<\/p>\n\n\n\n<p>2.&nbsp;&nbsp;&nbsp;&nbsp;&nbsp;&nbsp;&nbsp;&nbsp; Wie werden personenbezogene Daten gesch\u00fctzt?<\/p>\n\n\n\n<p>Die personenbezogenen Daten der Nutzer werden bei Drittanbietern OVH, Microsoft auf Servern in Frankreich, sowie in der europ\u00e4ischen Cloud von Microsoft gespeichert. HAWKER setzt physische und technische Sicherheitsma\u00dfnahmen ein, um personenbezogene Daten vor unberechtigtem Zugriff oder Eindringen zu sch\u00fctzen. Zu diesen Ma\u00dfnahmen geh\u00f6rt die Implementierung spezifischer Technologien zum Schutz der Privatsph\u00e4re der Benutzer, wie z. B. sichere Server, Datensicherung, Firewalls und SSL-Verschl\u00fcsselung oder die Verwendung komplexer Passw\u00f6rter (mindestens 8 Zeichen, bestehend aus Zahlen, Buchstaben, einem Gro\u00dfbuchstaben und einem Sonderzeichen), die bereits bei Office 365 eingesetzt werden und auf alle Anwendungen ausgeweitet werden sollen.<\/p>\n\n\n\n<p>3.&nbsp;&nbsp;&nbsp;&nbsp;&nbsp;&nbsp;&nbsp;&nbsp; Was sind die Benutzerrechte?<\/p>\n\n\n\n<p>Der Nutzer hat das Recht auf Zugang, Berichtigung, L\u00f6schung und Widerspruch, das Recht auf Einschr\u00e4nkung der Verarbeitung, das Recht auf Daten\u00fcbertragbarkeit und das Recht, Richtlinien f\u00fcr die Aufbewahrung, L\u00f6schung und \u00dcbermittlung seiner personenbezogenen Daten nach seinem Tod zu definieren.<\/p>\n\n\n\n<p>Der Nutzer hat au\u00dferdem das Recht, seine Einwilligung jederzeit zu widerrufen. Um diese Rechte auszu\u00fcben, kann sich der Benutzer an folgende Adresse wenden: contact@globe-groupe.com<\/p>\n\n\n\n<p>Dem Nutzer steht es frei, bei der Commission Nationale de l&#8217;Informatique et des Libert\u00e9s (CNIL) eine Beschwerde \u00fcber die Verarbeitung seiner personenbezogenen Daten durch HAWKER einzureichen.<\/p>\n\n\n\n<p>F\u00fcr alle Fragen im Zusammenhang mit der Verwaltung personenbezogener Daten durch HAWKER kann sich der Nutzer an folgende Adresse wenden: contact@globe-groupe.com<\/p>\n","protected":false},"excerpt":{"rendered":"<p>&nbsp;Datenschutzrichtlinie Diese Datenschutzrichtlinie legt die Bedingungen fest, unter denen Hawker (\u201eGlobe Groupe\u201c) personenbezogene Daten der Nutzer der Website globeliveshopping.com verarbeitet. 1.&nbsp;&nbsp;&nbsp;&nbsp;&nbsp;&nbsp;&nbsp;&nbsp; Wer sammelt und verarbeitet Benutzerdaten? Der Verantwortliche f\u00fcr die Verarbeitung ist die Firma HAWKER, mit einem Kapital von 24.527.288\u20ac, deren Sitz sich in 38 rue Boissi\u00e8re&nbsp; F-75016 PARIS, Frankreich befindet, eingetragen im HR von [&hellip;]<\/p>\n","protected":false},"author":2,"featured_media":0,"parent":0,"menu_order":0,"comment_status":"closed","ping_status":"closed","template":"","meta":{"_acf_changed":false,"footnotes":""},"class_list":["post-246","page","type-page","status-publish","hentry"],"acf":[],"yoast_head":"<!-- This site is optimized with the Yoast SEO plugin v27.3 - https:\/\/yoast.com\/product\/yoast-seo-wordpress\/ -->\n<title>- GLOBE LIVE SHOPPING<\/title>\n<meta name=\"robots\" content=\"index, follow, max-snippet:-1, max-image-preview:large, max-video-preview:-1\" \/>\n<link rel=\"canonical\" href=\"https:\/\/globeliveshopping.com\/de\/246-2\/\" \/>\n<meta property=\"og:locale\" content=\"de_DE\" \/>\n<meta property=\"og:type\" content=\"article\" \/>\n<meta property=\"og:title\" content=\"- GLOBE LIVE SHOPPING\" \/>\n<meta property=\"og:description\" content=\"&nbsp;Datenschutzrichtlinie Diese Datenschutzrichtlinie legt die Bedingungen fest, unter denen Hawker (\u201eGlobe Groupe\u201c) personenbezogene Daten der Nutzer der Website globeliveshopping.com verarbeitet. 1.&nbsp;&nbsp;&nbsp;&nbsp;&nbsp;&nbsp;&nbsp;&nbsp; Wer sammelt und verarbeitet Benutzerdaten? Der Verantwortliche f\u00fcr die Verarbeitung ist die Firma HAWKER, mit einem Kapital von 24.527.288\u20ac, deren Sitz sich in 38 rue Boissi\u00e8re&nbsp; F-75016 PARIS, Frankreich befindet, eingetragen im HR von [&hellip;]\" \/>\n<meta property=\"og:url\" content=\"https:\/\/globeliveshopping.com\/de\/246-2\/\" \/>\n<meta property=\"og:site_name\" content=\"GLOBE LIVE SHOPPING\" \/>\n<meta property=\"article:modified_time\" content=\"2021-05-31T15:27:40+00:00\" \/>\n<meta name=\"twitter:card\" content=\"summary_large_image\" \/>\n<meta name=\"twitter:label1\" content=\"Gesch\u00e4tzte Lesezeit\" \/>\n\t<meta name=\"twitter:data1\" content=\"3\u00a0Minuten\" \/>\n<script type=\"application\/ld+json\" class=\"yoast-schema-graph\">{\"@context\":\"https:\\\/\\\/schema.org\",\"@graph\":[{\"@type\":\"WebPage\",\"@id\":\"https:\\\/\\\/globeliveshopping.com\\\/de\\\/246-2\\\/\",\"url\":\"https:\\\/\\\/globeliveshopping.com\\\/de\\\/246-2\\\/\",\"name\":\"- GLOBE LIVE SHOPPING\",\"isPartOf\":{\"@id\":\"https:\\\/\\\/globeliveshopping.com\\\/de\\\/#website\"},\"datePublished\":\"2021-05-31T15:27:38+00:00\",\"dateModified\":\"2021-05-31T15:27:40+00:00\",\"inLanguage\":\"de\",\"potentialAction\":[{\"@type\":\"ReadAction\",\"target\":[\"https:\\\/\\\/globeliveshopping.com\\\/de\\\/246-2\\\/\"]}]},{\"@type\":\"WebSite\",\"@id\":\"https:\\\/\\\/globeliveshopping.com\\\/de\\\/#website\",\"url\":\"https:\\\/\\\/globeliveshopping.com\\\/de\\\/\",\"name\":\"GLOBE LIVE SHOPPING\",\"description\":\"MACHEN SIE DAS WEB MENSCHLICH\",\"publisher\":{\"@id\":\"https:\\\/\\\/globeliveshopping.com\\\/de\\\/#organization\"},\"potentialAction\":[{\"@type\":\"SearchAction\",\"target\":{\"@type\":\"EntryPoint\",\"urlTemplate\":\"https:\\\/\\\/globeliveshopping.com\\\/de\\\/?s={search_term_string}\"},\"query-input\":{\"@type\":\"PropertyValueSpecification\",\"valueRequired\":true,\"valueName\":\"search_term_string\"}}],\"inLanguage\":\"de\"},{\"@type\":\"Organization\",\"@id\":\"https:\\\/\\\/globeliveshopping.com\\\/de\\\/#organization\",\"name\":\"GLOBE GROUPE\",\"url\":\"https:\\\/\\\/globeliveshopping.com\\\/de\\\/\",\"logo\":{\"@type\":\"ImageObject\",\"inLanguage\":\"de\",\"@id\":\"https:\\\/\\\/globeliveshopping.com\\\/de\\\/#\\\/schema\\\/logo\\\/image\\\/\",\"url\":\"https:\\\/\\\/globeliveshopping.com\\\/wp-content\\\/uploads\\\/2021\\\/04\\\/logo-GLOBE-GROUPE-RVB.png\",\"contentUrl\":\"https:\\\/\\\/globeliveshopping.com\\\/wp-content\\\/uploads\\\/2021\\\/04\\\/logo-GLOBE-GROUPE-RVB.png\",\"width\":3782,\"height\":3051,\"caption\":\"GLOBE GROUPE\"},\"image\":{\"@id\":\"https:\\\/\\\/globeliveshopping.com\\\/de\\\/#\\\/schema\\\/logo\\\/image\\\/\"}}]}<\/script>\n<!-- \/ Yoast SEO plugin. -->","yoast_head_json":{"title":"- GLOBE LIVE SHOPPING","robots":{"index":"index","follow":"follow","max-snippet":"max-snippet:-1","max-image-preview":"max-image-preview:large","max-video-preview":"max-video-preview:-1"},"canonical":"https:\/\/globeliveshopping.com\/de\/246-2\/","og_locale":"de_DE","og_type":"article","og_title":"- GLOBE LIVE SHOPPING","og_description":"&nbsp;Datenschutzrichtlinie Diese Datenschutzrichtlinie legt die Bedingungen fest, unter denen Hawker (\u201eGlobe Groupe\u201c) personenbezogene Daten der Nutzer der Website globeliveshopping.com verarbeitet. 1.&nbsp;&nbsp;&nbsp;&nbsp;&nbsp;&nbsp;&nbsp;&nbsp; Wer sammelt und verarbeitet Benutzerdaten? Der Verantwortliche f\u00fcr die Verarbeitung ist die Firma HAWKER, mit einem Kapital von 24.527.288\u20ac, deren Sitz sich in 38 rue Boissi\u00e8re&nbsp; F-75016 PARIS, Frankreich befindet, eingetragen im HR von [&hellip;]","og_url":"https:\/\/globeliveshopping.com\/de\/246-2\/","og_site_name":"GLOBE LIVE SHOPPING","article_modified_time":"2021-05-31T15:27:40+00:00","twitter_card":"summary_large_image","twitter_misc":{"Gesch\u00e4tzte Lesezeit":"3\u00a0Minuten"},"schema":{"@context":"https:\/\/schema.org","@graph":[{"@type":"WebPage","@id":"https:\/\/globeliveshopping.com\/de\/246-2\/","url":"https:\/\/globeliveshopping.com\/de\/246-2\/","name":"- GLOBE LIVE SHOPPING","isPartOf":{"@id":"https:\/\/globeliveshopping.com\/de\/#website"},"datePublished":"2021-05-31T15:27:38+00:00","dateModified":"2021-05-31T15:27:40+00:00","inLanguage":"de","potentialAction":[{"@type":"ReadAction","target":["https:\/\/globeliveshopping.com\/de\/246-2\/"]}]},{"@type":"WebSite","@id":"https:\/\/globeliveshopping.com\/de\/#website","url":"https:\/\/globeliveshopping.com\/de\/","name":"GLOBE LIVE SHOPPING","description":"MACHEN SIE DAS WEB MENSCHLICH","publisher":{"@id":"https:\/\/globeliveshopping.com\/de\/#organization"},"potentialAction":[{"@type":"SearchAction","target":{"@type":"EntryPoint","urlTemplate":"https:\/\/globeliveshopping.com\/de\/?s={search_term_string}"},"query-input":{"@type":"PropertyValueSpecification","valueRequired":true,"valueName":"search_term_string"}}],"inLanguage":"de"},{"@type":"Organization","@id":"https:\/\/globeliveshopping.com\/de\/#organization","name":"GLOBE GROUPE","url":"https:\/\/globeliveshopping.com\/de\/","logo":{"@type":"ImageObject","inLanguage":"de","@id":"https:\/\/globeliveshopping.com\/de\/#\/schema\/logo\/image\/","url":"https:\/\/globeliveshopping.com\/wp-content\/uploads\/2021\/04\/logo-GLOBE-GROUPE-RVB.png","contentUrl":"https:\/\/globeliveshopping.com\/wp-content\/uploads\/2021\/04\/logo-GLOBE-GROUPE-RVB.png","width":3782,"height":3051,"caption":"GLOBE GROUPE"},"image":{"@id":"https:\/\/globeliveshopping.com\/de\/#\/schema\/logo\/image\/"}}]}},"_links":{"self":[{"href":"https:\/\/globeliveshopping.com\/de\/wp-json\/wp\/v2\/pages\/246","targetHints":{"allow":["GET"]}}],"collection":[{"href":"https:\/\/globeliveshopping.com\/de\/wp-json\/wp\/v2\/pages"}],"about":[{"href":"https:\/\/globeliveshopping.com\/de\/wp-json\/wp\/v2\/types\/page"}],"author":[{"embeddable":true,"href":"https:\/\/globeliveshopping.com\/de\/wp-json\/wp\/v2\/users\/2"}],"replies":[{"embeddable":true,"href":"https:\/\/globeliveshopping.com\/de\/wp-json\/wp\/v2\/comments?post=246"}],"version-history":[{"count":1,"href":"https:\/\/globeliveshopping.com\/de\/wp-json\/wp\/v2\/pages\/246\/revisions"}],"predecessor-version":[{"id":247,"href":"https:\/\/globeliveshopping.com\/de\/wp-json\/wp\/v2\/pages\/246\/revisions\/247"}],"wp:attachment":[{"href":"https:\/\/globeliveshopping.com\/de\/wp-json\/wp\/v2\/media?parent=246"}],"curies":[{"name":"wp","href":"https:\/\/api.w.org\/{rel}","templated":true}]}}