{"id":250,"date":"2021-05-31T17:34:28","date_gmt":"2021-05-31T15:34:28","guid":{"rendered":"https:\/\/globeliveshopping.com\/?page_id=250"},"modified":"2021-05-31T17:34:30","modified_gmt":"2021-05-31T15:34:30","slug":"250-2","status":"publish","type":"page","link":"https:\/\/globeliveshopping.com\/de\/250-2\/","title":{"rendered":""},"content":{"rendered":"\n<p><strong>Rechtliche Hinweise<\/strong><\/p>\n\n\n\n<p>1\/ Website<\/p>\n\n\n\n<p>Identit\u00e4t<\/p>\n\n\n\n<p>Die \u00fcber die Adresse https:\/\/globeliveshopping.com verf\u00fcgbare Website (nachfolgend als \u201eWebsite\u201c bezeichnet) wird von der Gesellschaft Hawker (Markenname \u201cGlobe Groupe\u201d) herausgegeben, einer vereinfachten Aktiengesellschaft mit einem Gesellschafter, einem Stammkapital von 24.527.288 Euro, eingetragen im Handelsregister Paris unter der Nummer 831 813 977, mit Sitz 38 rue Boissi\u00e8re in Paris (75116) \/ Frankreich (nachfolgend als \u201eHawker\u201c bezeichnet).<\/p>\n\n\n\n<p>Innergemeinschaftliche USt-IdNr.: &nbsp;FR58 831 813 977<\/p>\n\n\n\n<p>Kontakte<br>Tel.: +33 (0)153652525<br>Fax: +33 (0)153652321<br>E-Mail-Adresse: contact@globe-groupe.com<\/p>\n\n\n\n<p>F\u00fcr den Inhalt verantwortlich<br>Sophie DAHAN<\/p>\n\n\n\n<p>Hosting<br>Die Site wird gehostet von der Gesellschaft OVH, SAS mit einem Stammkapital von 10.069.020 \u20ac<br>HR Lille M\u00e9tropole 424 761 419 00045<br>Code APE 2620Z<br>USt-IdNr.: FR 22424761419<br>Sitz: 2 rue Kellermann \u2013 59100 Roubaix \u2013 France<\/p>\n\n\n\n<p>2\/ Inhalt und Verwendung der Informationen<\/p>\n\n\n\n<p>Die Marken &#8222;GLOBE LIVE SHOPPING&#8220; sind eingetragene Warenzeichen.<\/p>\n\n\n\n<p>Alle Inhalte, Seiten, Skripte, Grafiken, Fotos und Icons auf der Website und\/oder auf den GLOBE LIVE SHOPPING-Seiten sind das ausschlie\u00dfliche Eigentum von Hawker oder von Dritten, die Hawker zu deren Verwendung erm\u00e4chtigt haben. Alle Rechte der Vervielf\u00e4ltigung oder Darstellung dieser sind ausdr\u00fccklich vorbehalten.<\/p>\n\n\n\n<p>Folglich ist jede teilweise oder vollst\u00e4ndige Vervielf\u00e4ltigung, Darstellung, Nutzung, Anpassung, \u00c4nderung, Einf\u00fcgung, \u00dcbersetzung, Kommerzialisierung der Website und\/oder der GLOBE LIVE SHOPPING-Seiten der sozialen Netzwerke oder ihrer Elemente durch irgendein Verfahren und auf irgendeinem Medium (Papier, digital, usw.) ohne vorherige schriftliche Genehmigung von Hawker verboten, da dies eine Verletzung des Urheberrechts und\/oder der Muster und Modelle und\/oder der Marken darstellt.<\/p>\n\n\n\n<p>Die Logos, Marken, Ikonografien in Bezug auf alle anderen Unternehmen und Produkte, die auf der Website und\/oder auf den GLOBE LIVE SHOPPING-Seiten der sozialen Netzwerke erw\u00e4hnt werden, sind das jeweilige Eigentum ihrer Urheber und\/oder Inhaber.<\/p>\n\n\n\n<p>3\/ Personenbezogene Daten<\/p>\n\n\n\n<p>&nbsp;Beim Surfen auf der Website werden die Benutzer aufgefordert, pers\u00f6nliche Daten mitzuteilen.<\/p>\n\n\n\n<p>Die Site beachtet die franz\u00f6sischen und europ\u00e4ischen Normen zum Schutz der Privatsph\u00e4re und der personenbezogenen Daten und insbesondere das Gesetz Nr. 78-17 vom 6. Januar 1978 zum Datenschutz, ge\u00e4ndert durch das Gesetz 2004-801 vom 6. August 2004, und die Europ\u00e4ische Verordnung 2016\/679 zum Schutz der nat\u00fcrlichen Personen bei der Verarbeitung personenbezogener Daten und zum freien Datenverkehr.<\/p>\n\n\n\n<p><strong>3.1- Datenverantwortlicher<\/strong><\/p>\n\n\n\n<p>Der Verantwortliche f\u00fcr die Verarbeitung personenbezogener Daten ist Hawker.<\/p>\n\n\n\n<p><strong>3.2- Art der gesammelten Daten<\/strong><\/p>\n\n\n\n<p>Die auf der Website gesammelten Daten sind solche, die es Hawker erm\u00f6glichen, Nutzer direkt oder indirekt zu identifizieren.<\/p>\n\n\n\n<p>Dies kann pers\u00f6nliche Daten wie Name, Vorname, Postanschrift, E-Mail-Adresse, Telefonnummer, Geburtsdatum und Geschlecht umfassen.<\/p>\n\n\n\n<p><strong>3.3- Zwecke der Sammlung<\/strong><\/p>\n\n\n\n<p>Die auf der Site gesammelten personenbezogenen Daten werden zu folgenden Zwecken benutzt:<\/p>\n\n\n\n<p>Kontakt zwischen Hawker und dem Benutzer;<br>Verwaltung der Site, Vorg\u00e4nge die Benutzer betreffend, Fragen zu den Rechten der Benutzer (Recht auf Zugang, Berichtigung, L\u00f6schung, Widerspruch, Beschr\u00e4nkung und Portabilit\u00e4t), Streitigkeiten und Verfahren im Zusammenhang mit der Benutzung der Site;<br>Verbesserung der Qualit\u00e4t der Site<\/p>\n\n\n\n<p>Dar\u00fcber hinaus kann Hawker die Daten auch zur Erf\u00fcllung gesetzlicher und\/oder beh\u00f6rdlicher Verpflichtungen verwenden.<\/p>\n\n\n\n<p><strong>3.4- Zeitpunkt der Sammlung<\/strong><strong><\/strong><\/p>\n\n\n\n<p>Die von Hawker gesammelten Daten werden freiwillig vom Benutzer \u00fcbermittelt.<\/p>\n\n\n\n<p>Personenbezogene Daten werden bei der Nutzung der Website erhoben, wenn der Nutzer eine Kontaktanfrage an Hawker \u00fcber das Kontaktformular sendet.<\/p>\n\n\n\n<p><strong>3.5- Einwilligung<\/strong><\/p>\n\n\n\n<p>Die rechtlichen Hinweise werden den Benutzern systematisch anl\u00e4sslich ihrer Bitte um Kontakt mitgeteilt. In der Tat bedeutet der Onlineantrag auf Kandidatur und die Bewerbung, dass der Benutzer die rechtlichen Hinweise ausdr\u00fccklich, vollst\u00e4ndig und insgesamt akzeptiert.<\/p>\n\n\n\n<p>Mit dem Ankreuzen des K\u00e4stchens: &#8222;Ich habe die rechtlichen Hinweise gelesen und akzeptiere sie&#8220; bei der Bewerbung erkl\u00e4rt sich der Nutzer damit einverstanden, dass seine personenbezogenen Daten von HAWKER und\/oder seinen Partnern gespeichert und verarbeitet werden. Nutzer, die personenbezogene Daten eines Dritten \u00fcbermitteln, m\u00fcssen best\u00e4tigen, dass sie die Einwilligung dieses Dritten haben, dass die Site dessen personenbezogene Daten benutzen, ver\u00f6ffentlichen und\/oder sie weitergeben darf.<\/p>\n\n\n\n<p>Wenn der Benutzer seine Zustimmung zur Verarbeitung seiner Daten widerrufen m\u00f6chte, kann er dies durch eine Anfrage an die folgende Adresse tun: contact@globe-groupe.com.<\/p>\n\n\n\n<p>Die auf der Website erhobenen personenbezogenen Daten sind in erster Linie f\u00fcr Hawker bestimmt und werden nicht zu kommerziellen Zwecken an Dritte weitergegeben.<\/p>\n\n\n\n<p><strong>3.6- Empf\u00e4nger der personenbezogenen Daten<\/strong><\/p>\n\n\n\n<p>Andere Empf\u00e4nger k\u00f6nnen Zugang zu personenbezogenen Daten haben. Dazu geh\u00f6ren insbesondere Unternehmen, die Hawker direkt oder indirekt im Sinne von Artikel L. 233-3 des franz\u00f6sischen Handelsgesetzbuchs kontrolliert, seine Dienstleister oder Unterauftragnehmer, seine Kunden usw. &#8230;. Die Liste der Empf\u00e4nger kann auf Anfrage der Benutzer jederzeit eingesehen werden.<\/p>\n\n\n\n<p>Dar\u00fcber hinaus kann Hawker bei einer Anfrage durch eine Gerichtsbeh\u00f6rde oder eine andere gesetzlich befugte Verwaltungsbeh\u00f6rde, die gem\u00e4\u00df den geltenden Gesetzen die \u00dcbermittlung dieser Informationen fordert, verpflichtet sein, die gesammelten Daten an einen Dritten weiterzugeben. Wenn dies gesetzlich erforderlich ist, wird die Einwilligung des Benutzers beschafft oder die M\u00f6glichkeit einer Weigerung entsprechend behandelt, bevor die Daten \u00fcbermittelt werden.<\/p>\n\n\n\n<p>Schlie\u00dflich k\u00f6nnen im Falle eines Kontrollwechsels bei Hawker, einer \u00dcbernahme, eines Sammelverfahrens oder eines Verkaufs von Hawker-Verm\u00f6genswerten die von Hawker erfassten Daten an einen Dritten \u00fcbertragen werden.<\/p>\n\n\n\n<p><strong>3.7- &nbsp;Aufbewahrungszeitraum<\/strong><\/p>\n\n\n\n<p>Die personenbezogenen Daten der Benutzer werden f\u00fcr die Dauer von zwei (2) Jahren nach Ende seines Abschlusses gespeichert.<\/p>\n\n\n\n<p>Ungeachtet dessen k\u00f6nnen Daten, die Hawker zu Beweiszwecken, f\u00fcr rechtliche oder administrative Zwecke oder in \u00dcbereinstimmung mit der geltenden Gesetzgebung aufbewahren muss, l\u00e4nger aufbewahrt werden.<\/p>\n\n\n\n<p><strong>3.8- Recht der Benutzer<\/strong><\/p>\n\n\n\n<p>Gem\u00e4\u00df dem Gesetz Nr. 78-17 vom 6. Januar 1978 \u00fcber Informationstechnologie, Dateien und Freiheiten, ge\u00e4ndert durch das Gesetz 2004-801 vom 6. August 2004 und der europ\u00e4ischen Verordnung 2016\/679 zum Schutz nat\u00fcrlicher Personen bei der Verarbeitung personenbezogener Daten und zum freien Datenverkehr, haben die Nutzer:<\/p>\n\n\n\n<ul class=\"wp-block-list\"><li>ein Recht auf Zugang zu ihren pers\u00f6nlichen Daten;<\/li><li>ein Recht auf Berichtigung ihrer personenbezogenen Daten;<\/li><li>ein Recht auf L\u00f6schung ihrer personenbezogenen Daten;<\/li><li>ein Widerspruchsrecht gegen die Verwendung ihrer personenbezogenen Daten;<\/li><li>ein Recht auf Einschr\u00e4nkung ihrer pers\u00f6nlichen Daten;<\/li><li>ein Recht auf \u00dcbertragbarkeit ihrer personenbezogenen Daten.<\/li><li>das Recht, eine Beschwerde bei der CNI einzureichen.<\/li><\/ul>\n\n\n\n<p>Nutzer, die eines dieser Rechte geltend machen m\u00f6chten, k\u00f6nnen ihre Anfrage per E-Mail oder auf dem Postweg an die folgenden Adressen senden<\/p>\n\n\n\n<p>Postanschrift: 38 rue Boissi\u00e8re 75116 Paris, Frankreich<\/p>\n\n\n\n<p>E-Mail: contact@globe-groupe.com<\/p>\n\n\n\n<p>Im Falle der Aus\u00fcbung eines dieser Rechte muss der Nutzer Hawker die f\u00fcr seine Identifizierung notwendigen Elemente \u00fcbermitteln: Name, Vorname, E-Mail und ggf. seine Postanschrift. Dar\u00fcber hinaus muss der Antrag gem\u00e4\u00df den geltenden Vorschriften unterschrieben und von einer Fotokopie eines Ausweisdokuments begleitet sein, das ihre Unterschrift tr\u00e4gt und in dem sie detailliert angeben, welches Recht sie aus\u00fcben m\u00f6chten, sowie die Adresse, an die sie im Falle der Aus\u00fcbung eines der oben genannten Rechte eine Antwort erhalten m\u00f6chten.<\/p>\n\n\n\n<p>Hawker verpflichtet sich dann, innerhalb von maximal einem (1) Monat nach Eingang der vollst\u00e4ndigen Anfrage des Nutzers zu antworten.<\/p>\n\n\n\n<p>Aufgrund der Komplexit\u00e4t der Anfrage und\/oder der Anzahl der Anfragen kann diese Frist auf zwei (2) Monate verl\u00e4ngert werden, unter der Voraussetzung, dass Hawker den Nutzer innerhalb eines (1) Monats nach Erhalt der Anfrage \u00fcber die Gr\u00fcnde f\u00fcr die Verschiebung informiert.<\/p>\n\n\n\n<p>Kommt Hawker dem Verlangen des Nutzers nicht nach, so wird Hawker den Nutzer innerhalb eines (1) Monats nach Eingang des Verlangens \u00fcber die Gr\u00fcnde der Unt\u00e4tigkeit informieren.<\/p>\n\n\n\n<p>5\/ Hyperlinks<\/p>\n\n\n\n<p>Auf der Website kann der Benutzer Zugang zu verschiedenen Links haben, die ihn zu Websites Dritter f\u00fchren.<\/p>\n\n\n\n<p>Hawker ist nicht verantwortlich f\u00fcr den Inhalt der Websites, auf die:<\/p>\n\n\n\n<ul class=\"wp-block-list\"><li>auf der Website<\/li><li>und\/oder auf den GLOBE GROUPE-Seiten der sozialen Netzwerke<\/li><\/ul>\n\n\n\n<p>verwiesen wird, f\u00fcr die von Dritten bereitgestellten Informationen oder Inhalte oder f\u00fcr die Vertraulichkeitsrichtlinien dieser Dritten, zu denen der Nutzer der Website Zugang hat.<\/p>\n\n\n\n<p>Hawker hat keine Kontrolle \u00fcber Hyperlinks und\/oder andere Werbeformate.<\/p>\n\n\n\n<p>Hawker \u00fcbernimmt daher insbesondere keine Garantie f\u00fcr:<\/p>\n\n\n\n<ul class=\"wp-block-list\"><li>die Wahrhaftigkeit, Qualit\u00e4t, Vollst\u00e4ndigkeit und Ausf\u00fchrlichkeit des Inhalts der indizierten Websites;<\/li><li>die Schwierigkeiten beim Zugriff und der Bedienung der indizierten Websites<\/li><\/ul>\n\n\n\n<p>und sie kann unter keinen Umst\u00e4nden haftbar gemacht werden, wenn es zu einem Streitfall zwischen einer auf der Website und\/oder auf den GLOBE GROUPE-Seiten der sozialen Netzwerke indexierten Website und einem der Nutzer und\/oder K\u00e4ufer kommt, insbesondere infolge von erlittenen Verlusten oder Sch\u00e4den, wobei die Betreiber der indexierten Websites allein f\u00fcr den Inhalt ihrer Website verantwortlich sind.<\/p>\n\n\n\n<p>6\/ Cookies<\/p>\n\n\n\n<p>Bei der Konsultation der Website werden von der Website oder von Dritten, Dienstleistern f\u00fcr die Website, Cookies oder andere Mittel zur Erfassung von Navigationsdaten verwendet, die auf dem Endger\u00e4t des Benutzers (Computer, Handy oder Tablet) hinterlegt werden.<\/p>\n\n\n\n<p>Die von Hawker verwendeten Cookies erm\u00f6glichen es, den Nutzer zu identifizieren, seinen Browser zu erkennen, wenn er sich mit der Website verbindet, seine Pr\u00e4ferenzen zu erfassen und die Darstellung der Website an die Anzeigepr\u00e4ferenzen des Endger\u00e4ts des Nutzers anzupassen.<\/p>\n\n\n\n<p>Die Registrierung eines Cookies unterliegt dem Willen der Nutzer. Die Benutzer haben daher die M\u00f6glichkeit, ihre Browsersoftware so zu konfigurieren, dass sie der Erfassung von &#8222;Cookies&#8220; ganz oder teilweise (insbesondere je nach Emittent) widersprechen. Die Konfiguration bietet auch die M\u00f6glichkeit, Cookies <em>ad hoc<\/em> zu akzeptieren oder abzulehnen, bevor sie im Terminal des Benutzers gespeichert werden.<\/p>\n\n\n\n<p>Benutzer, die die Speicherung von Cookies verhindern m\u00f6chten, k\u00f6nnen daher die f\u00fcr jeden Browser spezifische und im Hilfemen\u00fc des Browsers beschriebene Vorgehensweise befolgen.<\/p>\n\n\n\n<p>Diese Verfahren sind wie folgt:<\/p>\n\n\n\n<p>F\u00fcr Mozilla Firefox<\/p>\n\n\n\n<p>Der Benutzer muss in das Men\u00fc &#8222;Werkzeuge&#8220; und dann in die Registerkarte &#8222;Optionen&#8220; gehen. Klicken Sie dann auf das Symbol &#8222;Datenschutz&#8220; \/ &#8222;Cookies anzeigen&#8220; und w\u00e4hlen Sie die entsprechenden Optionen.<\/p>\n\n\n\n<p>F\u00fcr Microsoft Internet Explorer 6.0 und h\u00f6her<\/p>\n\n\n\n<p>Der Benutzer muss das Men\u00fc &#8222;Werkzeuge&#8220; und dann &#8222;Internetoptionen&#8220; w\u00e4hlen, auf die Registerkarte &#8222;Vertraulichkeit&#8220; klicken und dann die gew\u00fcnschte Stufe ausw\u00e4hlen.<\/p>\n\n\n\n<p>F\u00fcr Microsoft Internet Explorer 5<\/p>\n\n\n\n<p>Der Benutzer muss das Men\u00fc &#8222;Extras&#8220; w\u00e4hlen, dann &#8222;Internetoptionen&#8220;, auf die Registerkarte &#8222;Sicherheit&#8220; klicken, &#8222;Internet&#8220; w\u00e4hlen und dann &#8222;Stufe anpassen&#8220;. W\u00e4hlen Sie schlie\u00dflich im Abschnitt &#8222;Cookies&#8220; die entsprechenden Optionen.<\/p>\n\n\n\n<p>F\u00fcr Google Chrome<\/p>\n\n\n\n<p>Der Benutzer muss das Men\u00fc &#8222;Werkzeuge&#8220; w\u00e4hlen, den Abschnitt &#8222;Optionen&#8220; ausw\u00e4hlen, auf die Registerkarte &#8222;Erweiterte Optionen&#8220; klicken und den Abschnitt &#8222;Datenschutz&#8220; aufrufen. W\u00e4hlen Sie schlie\u00dflich im Abschnitt &#8222;Cookies anzeigen&#8220; die f\u00fcr Sie passenden Optionen aus.<\/p>\n\n\n\n<p>F\u00fcr Safari<\/p>\n\n\n\n<p>Der Benutzer muss in das Safari-Men\u00fc gehen und das Men\u00fc &#8222;Einstellungen&#8220; w\u00e4hlen, dann auf &#8222;Sicherheit&#8220; klicken und die entsprechenden Optionen ausw\u00e4hlen.<\/p>\n\n\n\n<p>7\/ Unterbrechung der Website<\/p>\n\n\n\n<p>Hawker beh\u00e4lt sich das Recht vor, den Betrieb und\/oder den Zugriff auf die Website jederzeit mit oder ohne Vorank\u00fcndigung zu unterbrechen, insbesondere um eine korrigierende und entwicklungsf\u00f6rdernde Wartung der Website zu gew\u00e4hrleisten, oder um deren Inhalt oder Darstellung zu \u00e4ndern. Soweit m\u00f6glich, wird Hawker die Benutzer vor jeder korrigierenden oder evolution\u00e4ren Wartungsma\u00dfnahme informieren. Dar\u00fcber hinaus erkennt der Nutzer an, dass die Website aus Gr\u00fcnden, die au\u00dferhalb des Einflussbereichs von Hawker liegen, unterbrochen werden kann und Hawker daher keinen kontinuierlichen Zugang zur Website garantieren kann.<\/p>\n\n\n\n<p>In jedem Fall kann Hawker nicht f\u00fcr eine Unterbrechung und\/oder Fehlfunktion der Website verantwortlich gemacht werden, unabh\u00e4ngig von der Ursache.<\/p>\n\n\n\n<p>8\/ Garantien \u2013 Verantwortlichkeiten<\/p>\n\n\n\n<p>Die Benutzer verstehen und akzeptieren, dass die Website ihnen &#8222;wie besehen&#8220; zur Verf\u00fcgung gestellt wird und keine Garantie, weder ausdr\u00fccklich noch stillschweigend, f\u00fcr die gesamte oder einen Teil der Website bietet.<\/p>\n\n\n\n<p>Hawker ist bestrebt, dass die \u00fcber die Website zug\u00e4nglichen Informationen korrekt und aktuell sind. Es wird jedoch keine diesbez\u00fcgliche Garantie gew\u00e4hrt.<\/p>\n\n\n\n<p>Unter keinen Umst\u00e4nden kann Hawker f\u00fcr direkte oder indirekte Sch\u00e4den verantwortlich gemacht werden, unabh\u00e4ngig von der Ursache, dem Ursprung, der Art oder den Folgen, die sich aus der Konsultation oder Nutzung der Website ergeben.<\/p>\n\n\n\n<p>9\/ \u00c4nderungen der rechtlichen Hinweise<\/p>\n\n\n\n<p>Hawker beh\u00e4lt sich das Recht vor, die vorliegenden rechtlichen Hinweise jederzeit zu \u00e4ndern, insbesondere um die gesetzliche, juristische, redaktionelle, funktionelle und\/oder technische Entwicklung zu ber\u00fccksichtigen. Die g\u00fcltige Fassung ist diejenige, die am Tag des Antrags auf die Kandidatur oder der Bewerbung online zug\u00e4nglich ist. Jede Benutzung der Site nach der Ver\u00f6ffentlichung der ge\u00e4nderten rechtlichen Hinweise beinhaltet die uneingeschr\u00e4nkte Einwilligung in die neuen rechtlichen Hinweise.<\/p>\n\n\n\n<p>Hawker beh\u00e4lt sich das Recht vor, den vorliegenden rechtlichen Hinweis jederzeit zu \u00e4ndern, um einer rechtlichen, juristischen, redaktionellen, funktionalen und\/oder technischen Weiterentwicklung Rechnung zu tragen.&nbsp; Jede Konsultation der Website nach der Ver\u00f6ffentlichung des ge\u00e4nderten rechtlichen Hinweises gilt als uneingeschr\u00e4nkte Annahme des neuen rechtlichen Hinweises.<\/p>\n\n\n\n<p>10\/ Anwendbares Recht<\/p>\n\n\n\n<p>Die Website unterliegt dem franz\u00f6sischen Recht.<\/p>\n","protected":false},"excerpt":{"rendered":"<p>Rechtliche Hinweise 1\/ Website Identit\u00e4t Die \u00fcber die Adresse https:\/\/globeliveshopping.com verf\u00fcgbare Website (nachfolgend als \u201eWebsite\u201c bezeichnet) wird von der Gesellschaft Hawker (Markenname \u201cGlobe Groupe\u201d) herausgegeben, einer vereinfachten Aktiengesellschaft mit einem Gesellschafter, einem Stammkapital von 24.527.288 Euro, eingetragen im Handelsregister Paris unter der Nummer 831 813 977, mit Sitz 38 rue Boissi\u00e8re in Paris (75116) \/ [&hellip;]<\/p>\n","protected":false},"author":2,"featured_media":0,"parent":0,"menu_order":0,"comment_status":"closed","ping_status":"closed","template":"","meta":{"_acf_changed":false,"footnotes":""},"class_list":["post-250","page","type-page","status-publish","hentry"],"acf":[],"yoast_head":"<!-- This site is optimized with the Yoast SEO plugin v27.3 - https:\/\/yoast.com\/product\/yoast-seo-wordpress\/ -->\n<title>- GLOBE LIVE SHOPPING<\/title>\n<meta name=\"robots\" content=\"index, follow, max-snippet:-1, max-image-preview:large, max-video-preview:-1\" \/>\n<link rel=\"canonical\" href=\"https:\/\/globeliveshopping.com\/de\/250-2\/\" \/>\n<meta property=\"og:locale\" content=\"de_DE\" \/>\n<meta property=\"og:type\" content=\"article\" \/>\n<meta property=\"og:title\" content=\"- GLOBE LIVE SHOPPING\" \/>\n<meta property=\"og:description\" content=\"Rechtliche Hinweise 1\/ Website Identit\u00e4t Die \u00fcber die Adresse https:\/\/globeliveshopping.com verf\u00fcgbare Website (nachfolgend als \u201eWebsite\u201c bezeichnet) wird von der Gesellschaft Hawker (Markenname \u201cGlobe Groupe\u201d) herausgegeben, einer vereinfachten Aktiengesellschaft mit einem Gesellschafter, einem Stammkapital von 24.527.288 Euro, eingetragen im Handelsregister Paris unter der Nummer 831 813 977, mit Sitz 38 rue Boissi\u00e8re in Paris (75116) \/ [&hellip;]\" \/>\n<meta property=\"og:url\" content=\"https:\/\/globeliveshopping.com\/de\/250-2\/\" \/>\n<meta property=\"og:site_name\" content=\"GLOBE LIVE SHOPPING\" \/>\n<meta property=\"article:modified_time\" content=\"2021-05-31T15:34:30+00:00\" \/>\n<meta name=\"twitter:card\" content=\"summary_large_image\" \/>\n<meta name=\"twitter:label1\" content=\"Gesch\u00e4tzte Lesezeit\" \/>\n\t<meta name=\"twitter:data1\" content=\"9\u00a0Minuten\" \/>\n<script type=\"application\/ld+json\" class=\"yoast-schema-graph\">{\"@context\":\"https:\\\/\\\/schema.org\",\"@graph\":[{\"@type\":\"WebPage\",\"@id\":\"https:\\\/\\\/globeliveshopping.com\\\/de\\\/250-2\\\/\",\"url\":\"https:\\\/\\\/globeliveshopping.com\\\/de\\\/250-2\\\/\",\"name\":\"- GLOBE LIVE SHOPPING\",\"isPartOf\":{\"@id\":\"https:\\\/\\\/globeliveshopping.com\\\/de\\\/#website\"},\"datePublished\":\"2021-05-31T15:34:28+00:00\",\"dateModified\":\"2021-05-31T15:34:30+00:00\",\"inLanguage\":\"de\",\"potentialAction\":[{\"@type\":\"ReadAction\",\"target\":[\"https:\\\/\\\/globeliveshopping.com\\\/de\\\/250-2\\\/\"]}]},{\"@type\":\"WebSite\",\"@id\":\"https:\\\/\\\/globeliveshopping.com\\\/de\\\/#website\",\"url\":\"https:\\\/\\\/globeliveshopping.com\\\/de\\\/\",\"name\":\"GLOBE LIVE SHOPPING\",\"description\":\"MACHEN SIE DAS WEB MENSCHLICH\",\"publisher\":{\"@id\":\"https:\\\/\\\/globeliveshopping.com\\\/de\\\/#organization\"},\"potentialAction\":[{\"@type\":\"SearchAction\",\"target\":{\"@type\":\"EntryPoint\",\"urlTemplate\":\"https:\\\/\\\/globeliveshopping.com\\\/de\\\/?s={search_term_string}\"},\"query-input\":{\"@type\":\"PropertyValueSpecification\",\"valueRequired\":true,\"valueName\":\"search_term_string\"}}],\"inLanguage\":\"de\"},{\"@type\":\"Organization\",\"@id\":\"https:\\\/\\\/globeliveshopping.com\\\/de\\\/#organization\",\"name\":\"GLOBE GROUPE\",\"url\":\"https:\\\/\\\/globeliveshopping.com\\\/de\\\/\",\"logo\":{\"@type\":\"ImageObject\",\"inLanguage\":\"de\",\"@id\":\"https:\\\/\\\/globeliveshopping.com\\\/de\\\/#\\\/schema\\\/logo\\\/image\\\/\",\"url\":\"https:\\\/\\\/globeliveshopping.com\\\/wp-content\\\/uploads\\\/2021\\\/04\\\/logo-GLOBE-GROUPE-RVB.png\",\"contentUrl\":\"https:\\\/\\\/globeliveshopping.com\\\/wp-content\\\/uploads\\\/2021\\\/04\\\/logo-GLOBE-GROUPE-RVB.png\",\"width\":3782,\"height\":3051,\"caption\":\"GLOBE GROUPE\"},\"image\":{\"@id\":\"https:\\\/\\\/globeliveshopping.com\\\/de\\\/#\\\/schema\\\/logo\\\/image\\\/\"}}]}<\/script>\n<!-- \/ Yoast SEO plugin. -->","yoast_head_json":{"title":"- GLOBE LIVE SHOPPING","robots":{"index":"index","follow":"follow","max-snippet":"max-snippet:-1","max-image-preview":"max-image-preview:large","max-video-preview":"max-video-preview:-1"},"canonical":"https:\/\/globeliveshopping.com\/de\/250-2\/","og_locale":"de_DE","og_type":"article","og_title":"- GLOBE LIVE SHOPPING","og_description":"Rechtliche Hinweise 1\/ Website Identit\u00e4t Die \u00fcber die Adresse https:\/\/globeliveshopping.com verf\u00fcgbare Website (nachfolgend als \u201eWebsite\u201c bezeichnet) wird von der Gesellschaft Hawker (Markenname \u201cGlobe Groupe\u201d) herausgegeben, einer vereinfachten Aktiengesellschaft mit einem Gesellschafter, einem Stammkapital von 24.527.288 Euro, eingetragen im Handelsregister Paris unter der Nummer 831 813 977, mit Sitz 38 rue Boissi\u00e8re in Paris (75116) \/ [&hellip;]","og_url":"https:\/\/globeliveshopping.com\/de\/250-2\/","og_site_name":"GLOBE LIVE SHOPPING","article_modified_time":"2021-05-31T15:34:30+00:00","twitter_card":"summary_large_image","twitter_misc":{"Gesch\u00e4tzte Lesezeit":"9\u00a0Minuten"},"schema":{"@context":"https:\/\/schema.org","@graph":[{"@type":"WebPage","@id":"https:\/\/globeliveshopping.com\/de\/250-2\/","url":"https:\/\/globeliveshopping.com\/de\/250-2\/","name":"- GLOBE LIVE SHOPPING","isPartOf":{"@id":"https:\/\/globeliveshopping.com\/de\/#website"},"datePublished":"2021-05-31T15:34:28+00:00","dateModified":"2021-05-31T15:34:30+00:00","inLanguage":"de","potentialAction":[{"@type":"ReadAction","target":["https:\/\/globeliveshopping.com\/de\/250-2\/"]}]},{"@type":"WebSite","@id":"https:\/\/globeliveshopping.com\/de\/#website","url":"https:\/\/globeliveshopping.com\/de\/","name":"GLOBE LIVE SHOPPING","description":"MACHEN SIE DAS WEB MENSCHLICH","publisher":{"@id":"https:\/\/globeliveshopping.com\/de\/#organization"},"potentialAction":[{"@type":"SearchAction","target":{"@type":"EntryPoint","urlTemplate":"https:\/\/globeliveshopping.com\/de\/?s={search_term_string}"},"query-input":{"@type":"PropertyValueSpecification","valueRequired":true,"valueName":"search_term_string"}}],"inLanguage":"de"},{"@type":"Organization","@id":"https:\/\/globeliveshopping.com\/de\/#organization","name":"GLOBE GROUPE","url":"https:\/\/globeliveshopping.com\/de\/","logo":{"@type":"ImageObject","inLanguage":"de","@id":"https:\/\/globeliveshopping.com\/de\/#\/schema\/logo\/image\/","url":"https:\/\/globeliveshopping.com\/wp-content\/uploads\/2021\/04\/logo-GLOBE-GROUPE-RVB.png","contentUrl":"https:\/\/globeliveshopping.com\/wp-content\/uploads\/2021\/04\/logo-GLOBE-GROUPE-RVB.png","width":3782,"height":3051,"caption":"GLOBE GROUPE"},"image":{"@id":"https:\/\/globeliveshopping.com\/de\/#\/schema\/logo\/image\/"}}]}},"_links":{"self":[{"href":"https:\/\/globeliveshopping.com\/de\/wp-json\/wp\/v2\/pages\/250","targetHints":{"allow":["GET"]}}],"collection":[{"href":"https:\/\/globeliveshopping.com\/de\/wp-json\/wp\/v2\/pages"}],"about":[{"href":"https:\/\/globeliveshopping.com\/de\/wp-json\/wp\/v2\/types\/page"}],"author":[{"embeddable":true,"href":"https:\/\/globeliveshopping.com\/de\/wp-json\/wp\/v2\/users\/2"}],"replies":[{"embeddable":true,"href":"https:\/\/globeliveshopping.com\/de\/wp-json\/wp\/v2\/comments?post=250"}],"version-history":[{"count":1,"href":"https:\/\/globeliveshopping.com\/de\/wp-json\/wp\/v2\/pages\/250\/revisions"}],"predecessor-version":[{"id":251,"href":"https:\/\/globeliveshopping.com\/de\/wp-json\/wp\/v2\/pages\/250\/revisions\/251"}],"wp:attachment":[{"href":"https:\/\/globeliveshopping.com\/de\/wp-json\/wp\/v2\/media?parent=250"}],"curies":[{"name":"wp","href":"https:\/\/api.w.org\/{rel}","templated":true}]}}