{"id":801,"date":"2022-06-24T16:31:26","date_gmt":"2022-06-24T14:31:26","guid":{"rendered":"https:\/\/globeliveshopping.com\/?page_id=801"},"modified":"2022-06-24T17:29:30","modified_gmt":"2022-06-24T15:29:30","slug":"hintergrund","status":"publish","type":"page","link":"https:\/\/globeliveshopping.com\/de\/hintergrund\/","title":{"rendered":"UNIFIED COMMERCE"},"content":{"rendered":"\n<ul class=\"wp-block-list\"><li><p class=\"p1\"><span class=\"s1\"><strong>Den Shopper in Ihre Markenwelt einladen und bis zum Verkaufsabschluss begleiten<\/strong>: Umsatz &amp; Konversionsraten ankurbeln.<\/span><\/p><\/li><\/ul>\n\n\n\n<ul class=\"wp-block-list\"><li><p class=\"p1\"><span class=\"s1\"><strong>Gelegenheiten aufsp\u00fcren f\u00fcr Upselling &amp; Zusatzverk\u00e4ufe<\/strong>: den durchschnittlichen Warenkorb erh\u00f6hen<\/span><\/p><\/li><\/ul>\n\n\n\n<ul class=\"wp-block-list\"><li><p class=\"p1\"><span class=\"s1\"><strong>Pers\u00f6nliche, menschliche Kontakte f\u00fcr ein exklusives, 100% positives Shopping-Erlebnis<\/strong>: die Abbruchrate senken &amp; hohe Kundenzufriedenheit aufrechterhalten.<\/span><\/p><\/li><\/ul>\n\n\n\n<ul class=\"wp-block-list\"><li><p class=\"p1\"><span class=\"s1\"><strong>Shoppernachfrage analysieren und Bed\u00fcrfnisse besser verstehen<\/strong>: R\u00fcckgabequoten verringern.<\/span><\/p><\/li><\/ul>\n\n\n\n<p><\/p>\n","protected":false},"excerpt":{"rendered":"<p>Den Shopper in Ihre Markenwelt einladen und bis zum Verkaufsabschluss begleiten: Umsatz &amp; Konversionsraten ankurbeln. Gelegenheiten aufsp\u00fcren f\u00fcr Upselling &amp; Zusatzverk\u00e4ufe: den durchschnittlichen Warenkorb erh\u00f6hen Pers\u00f6nliche, menschliche Kontakte f\u00fcr ein exklusives, 100% positives Shopping-Erlebnis: die Abbruchrate senken &amp; hohe Kundenzufriedenheit aufrechterhalten. Shoppernachfrage analysieren und Bed\u00fcrfnisse besser verstehen: R\u00fcckgabequoten verringern.<\/p>\n","protected":false},"author":1,"featured_media":297,"parent":0,"menu_order":0,"comment_status":"closed","ping_status":"closed","template":"template-commerce-unifie.php","meta":{"_acf_changed":false,"footnotes":""},"class_list":["post-801","page","type-page","status-publish","has-post-thumbnail","hentry"],"acf":[],"yoast_head":"<!-- This site is optimized with the Yoast SEO plugin v27.4 - https:\/\/yoast.com\/product\/yoast-seo-wordpress\/ -->\n<title>UNIFIED COMMERCE - GLOBE LIVE SHOPPING<\/title>\n<meta name=\"robots\" content=\"index, follow, max-snippet:-1, max-image-preview:large, max-video-preview:-1\" \/>\n<link rel=\"canonical\" href=\"https:\/\/globeliveshopping.com\/de\/hintergrund\/\" \/>\n<meta property=\"og:locale\" content=\"de_DE\" \/>\n<meta property=\"og:type\" content=\"article\" \/>\n<meta property=\"og:title\" content=\"UNIFIED COMMERCE - GLOBE LIVE SHOPPING\" \/>\n<meta property=\"og:description\" content=\"Den Shopper in Ihre Markenwelt einladen und bis zum Verkaufsabschluss begleiten: Umsatz &amp; Konversionsraten ankurbeln. Gelegenheiten aufsp\u00fcren f\u00fcr Upselling &amp; Zusatzverk\u00e4ufe: den durchschnittlichen Warenkorb erh\u00f6hen Pers\u00f6nliche, menschliche Kontakte f\u00fcr ein exklusives, 100% positives Shopping-Erlebnis: die Abbruchrate senken &amp; hohe Kundenzufriedenheit aufrechterhalten. Shoppernachfrage analysieren und Bed\u00fcrfnisse besser verstehen: R\u00fcckgabequoten verringern.\" \/>\n<meta property=\"og:url\" content=\"https:\/\/globeliveshopping.com\/de\/hintergrund\/\" \/>\n<meta property=\"og:site_name\" content=\"GLOBE LIVE SHOPPING\" \/>\n<meta property=\"article:modified_time\" content=\"2022-06-24T15:29:30+00:00\" \/>\n<meta property=\"og:image\" content=\"https:\/\/globeliveshopping.com\/wp-content\/uploads\/2021\/04\/10-jours.jpg\" \/>\n\t<meta property=\"og:image:width\" content=\"1920\" \/>\n\t<meta property=\"og:image:height\" content=\"1080\" \/>\n\t<meta property=\"og:image:type\" content=\"image\/jpeg\" \/>\n<meta name=\"twitter:card\" content=\"summary_large_image\" \/>\n<meta name=\"twitter:label1\" content=\"Gesch\u00e4tzte Lesezeit\" \/>\n\t<meta name=\"twitter:data1\" content=\"1\u00a0Minute\" \/>\n<script type=\"application\/ld+json\" class=\"yoast-schema-graph\">{\"@context\":\"https:\\\/\\\/schema.org\",\"@graph\":[{\"@type\":\"WebPage\",\"@id\":\"https:\\\/\\\/globeliveshopping.com\\\/de\\\/hintergrund\\\/\",\"url\":\"https:\\\/\\\/globeliveshopping.com\\\/de\\\/hintergrund\\\/\",\"name\":\"UNIFIED COMMERCE - GLOBE LIVE SHOPPING\",\"isPartOf\":{\"@id\":\"https:\\\/\\\/globeliveshopping.com\\\/de\\\/#website\"},\"primaryImageOfPage\":{\"@id\":\"https:\\\/\\\/globeliveshopping.com\\\/de\\\/hintergrund\\\/#primaryimage\"},\"image\":{\"@id\":\"https:\\\/\\\/globeliveshopping.com\\\/de\\\/hintergrund\\\/#primaryimage\"},\"thumbnailUrl\":\"https:\\\/\\\/globeliveshopping.com\\\/wp-content\\\/uploads\\\/2021\\\/04\\\/10-jours.jpg\",\"datePublished\":\"2022-06-24T14:31:26+00:00\",\"dateModified\":\"2022-06-24T15:29:30+00:00\",\"breadcrumb\":{\"@id\":\"https:\\\/\\\/globeliveshopping.com\\\/de\\\/hintergrund\\\/#breadcrumb\"},\"inLanguage\":\"de\",\"potentialAction\":[{\"@type\":\"ReadAction\",\"target\":[\"https:\\\/\\\/globeliveshopping.com\\\/de\\\/hintergrund\\\/\"]}]},{\"@type\":\"ImageObject\",\"inLanguage\":\"de\",\"@id\":\"https:\\\/\\\/globeliveshopping.com\\\/de\\\/hintergrund\\\/#primaryimage\",\"url\":\"https:\\\/\\\/globeliveshopping.com\\\/wp-content\\\/uploads\\\/2021\\\/04\\\/10-jours.jpg\",\"contentUrl\":\"https:\\\/\\\/globeliveshopping.com\\\/wp-content\\\/uploads\\\/2021\\\/04\\\/10-jours.jpg\",\"width\":1920,\"height\":1080,\"caption\":\"GLOBE LIVE SHOPPING\"},{\"@type\":\"BreadcrumbList\",\"@id\":\"https:\\\/\\\/globeliveshopping.com\\\/de\\\/hintergrund\\\/#breadcrumb\",\"itemListElement\":[{\"@type\":\"ListItem\",\"position\":1,\"name\":\"Accueil\",\"item\":\"https:\\\/\\\/globeliveshopping.com\\\/de\\\/\"},{\"@type\":\"ListItem\",\"position\":2,\"name\":\"UNIFIED COMMERCE\"}]},{\"@type\":\"WebSite\",\"@id\":\"https:\\\/\\\/globeliveshopping.com\\\/de\\\/#website\",\"url\":\"https:\\\/\\\/globeliveshopping.com\\\/de\\\/\",\"name\":\"GLOBE LIVE SHOPPING\",\"description\":\"MACHEN SIE DAS WEB MENSCHLICH\",\"publisher\":{\"@id\":\"https:\\\/\\\/globeliveshopping.com\\\/de\\\/#organization\"},\"potentialAction\":[{\"@type\":\"SearchAction\",\"target\":{\"@type\":\"EntryPoint\",\"urlTemplate\":\"https:\\\/\\\/globeliveshopping.com\\\/de\\\/?s={search_term_string}\"},\"query-input\":{\"@type\":\"PropertyValueSpecification\",\"valueRequired\":true,\"valueName\":\"search_term_string\"}}],\"inLanguage\":\"de\"},{\"@type\":\"Organization\",\"@id\":\"https:\\\/\\\/globeliveshopping.com\\\/de\\\/#organization\",\"name\":\"GLOBE GROUPE\",\"url\":\"https:\\\/\\\/globeliveshopping.com\\\/de\\\/\",\"logo\":{\"@type\":\"ImageObject\",\"inLanguage\":\"de\",\"@id\":\"https:\\\/\\\/globeliveshopping.com\\\/de\\\/#\\\/schema\\\/logo\\\/image\\\/\",\"url\":\"https:\\\/\\\/globeliveshopping.com\\\/wp-content\\\/uploads\\\/2021\\\/04\\\/logo-GLOBE-GROUPE-RVB.png\",\"contentUrl\":\"https:\\\/\\\/globeliveshopping.com\\\/wp-content\\\/uploads\\\/2021\\\/04\\\/logo-GLOBE-GROUPE-RVB.png\",\"width\":3782,\"height\":3051,\"caption\":\"GLOBE GROUPE\"},\"image\":{\"@id\":\"https:\\\/\\\/globeliveshopping.com\\\/de\\\/#\\\/schema\\\/logo\\\/image\\\/\"}}]}<\/script>\n<!-- \/ Yoast SEO plugin. -->","yoast_head_json":{"title":"UNIFIED COMMERCE - GLOBE LIVE SHOPPING","robots":{"index":"index","follow":"follow","max-snippet":"max-snippet:-1","max-image-preview":"max-image-preview:large","max-video-preview":"max-video-preview:-1"},"canonical":"https:\/\/globeliveshopping.com\/de\/hintergrund\/","og_locale":"de_DE","og_type":"article","og_title":"UNIFIED COMMERCE - GLOBE LIVE SHOPPING","og_description":"Den Shopper in Ihre Markenwelt einladen und bis zum Verkaufsabschluss begleiten: Umsatz &amp; Konversionsraten ankurbeln. Gelegenheiten aufsp\u00fcren f\u00fcr Upselling &amp; Zusatzverk\u00e4ufe: den durchschnittlichen Warenkorb erh\u00f6hen Pers\u00f6nliche, menschliche Kontakte f\u00fcr ein exklusives, 100% positives Shopping-Erlebnis: die Abbruchrate senken &amp; hohe Kundenzufriedenheit aufrechterhalten. Shoppernachfrage analysieren und Bed\u00fcrfnisse besser verstehen: R\u00fcckgabequoten verringern.","og_url":"https:\/\/globeliveshopping.com\/de\/hintergrund\/","og_site_name":"GLOBE LIVE SHOPPING","article_modified_time":"2022-06-24T15:29:30+00:00","og_image":[{"width":1920,"height":1080,"url":"https:\/\/globeliveshopping.com\/wp-content\/uploads\/2021\/04\/10-jours.jpg","type":"image\/jpeg"}],"twitter_card":"summary_large_image","twitter_misc":{"Gesch\u00e4tzte Lesezeit":"1\u00a0Minute"},"schema":{"@context":"https:\/\/schema.org","@graph":[{"@type":"WebPage","@id":"https:\/\/globeliveshopping.com\/de\/hintergrund\/","url":"https:\/\/globeliveshopping.com\/de\/hintergrund\/","name":"UNIFIED COMMERCE - GLOBE LIVE SHOPPING","isPartOf":{"@id":"https:\/\/globeliveshopping.com\/de\/#website"},"primaryImageOfPage":{"@id":"https:\/\/globeliveshopping.com\/de\/hintergrund\/#primaryimage"},"image":{"@id":"https:\/\/globeliveshopping.com\/de\/hintergrund\/#primaryimage"},"thumbnailUrl":"https:\/\/globeliveshopping.com\/wp-content\/uploads\/2021\/04\/10-jours.jpg","datePublished":"2022-06-24T14:31:26+00:00","dateModified":"2022-06-24T15:29:30+00:00","breadcrumb":{"@id":"https:\/\/globeliveshopping.com\/de\/hintergrund\/#breadcrumb"},"inLanguage":"de","potentialAction":[{"@type":"ReadAction","target":["https:\/\/globeliveshopping.com\/de\/hintergrund\/"]}]},{"@type":"ImageObject","inLanguage":"de","@id":"https:\/\/globeliveshopping.com\/de\/hintergrund\/#primaryimage","url":"https:\/\/globeliveshopping.com\/wp-content\/uploads\/2021\/04\/10-jours.jpg","contentUrl":"https:\/\/globeliveshopping.com\/wp-content\/uploads\/2021\/04\/10-jours.jpg","width":1920,"height":1080,"caption":"GLOBE LIVE SHOPPING"},{"@type":"BreadcrumbList","@id":"https:\/\/globeliveshopping.com\/de\/hintergrund\/#breadcrumb","itemListElement":[{"@type":"ListItem","position":1,"name":"Accueil","item":"https:\/\/globeliveshopping.com\/de\/"},{"@type":"ListItem","position":2,"name":"UNIFIED COMMERCE"}]},{"@type":"WebSite","@id":"https:\/\/globeliveshopping.com\/de\/#website","url":"https:\/\/globeliveshopping.com\/de\/","name":"GLOBE LIVE SHOPPING","description":"MACHEN SIE DAS WEB MENSCHLICH","publisher":{"@id":"https:\/\/globeliveshopping.com\/de\/#organization"},"potentialAction":[{"@type":"SearchAction","target":{"@type":"EntryPoint","urlTemplate":"https:\/\/globeliveshopping.com\/de\/?s={search_term_string}"},"query-input":{"@type":"PropertyValueSpecification","valueRequired":true,"valueName":"search_term_string"}}],"inLanguage":"de"},{"@type":"Organization","@id":"https:\/\/globeliveshopping.com\/de\/#organization","name":"GLOBE GROUPE","url":"https:\/\/globeliveshopping.com\/de\/","logo":{"@type":"ImageObject","inLanguage":"de","@id":"https:\/\/globeliveshopping.com\/de\/#\/schema\/logo\/image\/","url":"https:\/\/globeliveshopping.com\/wp-content\/uploads\/2021\/04\/logo-GLOBE-GROUPE-RVB.png","contentUrl":"https:\/\/globeliveshopping.com\/wp-content\/uploads\/2021\/04\/logo-GLOBE-GROUPE-RVB.png","width":3782,"height":3051,"caption":"GLOBE GROUPE"},"image":{"@id":"https:\/\/globeliveshopping.com\/de\/#\/schema\/logo\/image\/"}}]}},"_links":{"self":[{"href":"https:\/\/globeliveshopping.com\/de\/wp-json\/wp\/v2\/pages\/801","targetHints":{"allow":["GET"]}}],"collection":[{"href":"https:\/\/globeliveshopping.com\/de\/wp-json\/wp\/v2\/pages"}],"about":[{"href":"https:\/\/globeliveshopping.com\/de\/wp-json\/wp\/v2\/types\/page"}],"author":[{"embeddable":true,"href":"https:\/\/globeliveshopping.com\/de\/wp-json\/wp\/v2\/users\/1"}],"replies":[{"embeddable":true,"href":"https:\/\/globeliveshopping.com\/de\/wp-json\/wp\/v2\/comments?post=801"}],"version-history":[{"count":3,"href":"https:\/\/globeliveshopping.com\/de\/wp-json\/wp\/v2\/pages\/801\/revisions"}],"predecessor-version":[{"id":807,"href":"https:\/\/globeliveshopping.com\/de\/wp-json\/wp\/v2\/pages\/801\/revisions\/807"}],"wp:featuredmedia":[{"embeddable":true,"href":"https:\/\/globeliveshopping.com\/de\/wp-json\/wp\/v2\/media\/297"}],"wp:attachment":[{"href":"https:\/\/globeliveshopping.com\/de\/wp-json\/wp\/v2\/media?parent=801"}],"curies":[{"name":"wp","href":"https:\/\/api.w.org\/{rel}","templated":true}]}}